{"id":165,"date":"2019-09-09T09:56:45","date_gmt":"2019-09-09T07:56:45","guid":{"rendered":"http:\/\/www.vturmine.ch\/?page_id=165"},"modified":"2019-09-09T09:56:45","modified_gmt":"2019-09-09T07:56:45","slug":"publications","status":"publish","type":"page","link":"https:\/\/www.vturmine.ch\/fr\/publications\/","title":{"rendered":"Publications"},"content":{"rendered":"\n<p>Stabach J.A., Rabeil T., Turmine V., Wacher T., Muller T., and Leimgruber P. (2017): \u201cOn the brink of extinction &#8211; Habitat selection of addax and dorcas gazelle across the Tin Toumma desert, Niger\u201d; Diversity and Distributions, Volume 23 Issue 6,&nbsp;June 2017&nbsp;<a href=\"https:\/\/doi.org\/10.1111\/ddi.12563\">Link<\/a>.<\/p>\n\n\n\n<p>Rabeil T., Turmine V. (2016): Atlas de la r\u00e9serve naturelle nationale du Termit-Tin Toumma (Niger), Sahara Conservation Fund, rapport, septembre 2014, 68 p.&nbsp;<a href=\"https:\/\/www.google.com\/url?sa=t&amp;rct=j&amp;q=&amp;esrc=s&amp;source=web&amp;cd=14&amp;cad=rja&amp;uact=8&amp;ved=2ahUKEwidgMf73LnkAhVK6KQKHRAODKkQFjANegQIAhAC&amp;url=https%3A%2F%2Frris.biopama.org%2Fsites%2Fdefault%2Ffiles%2F2019-04%2FAtlas%2520de%2520la%2520R%25C3%25A9serve%2520Naturelle%2520Nationale%2520de%2520Termit%2520et%2520Tin-Toumma.pdf&amp;usg=AOvVaw1WFiWWY2FmtlIOXPoCx-s2\">Link<\/a>.<\/p>\n\n\n\n<p>Failler P., Binet T., Agossah M., Benassi S., Turmine V.&nbsp;(2015): \u201cP\u00eache migrante et aires marines prot\u00e9g\u00e9es en Afrique de l&rsquo;ouest\u201d. In Bonnin M., Lea R., Behnassi M., editors, Aires marines prot\u00e9g\u00e9es ouest-africaines: D\u00e9fis scientifiques et enjeux soci\u00e9taux. 1st ed. 13572 Marseille, France: IRD. 2015. p. 143-156. 7. (Brief &#8211; 2015),&nbsp;<a href=\"http:\/\/www.editions.ird.fr\/produit\/340\/9782709920926\">Link<\/a>.<\/p>\n\n\n\n<p>de Milliano, M., Handa S., Strother S., Sidibe T.&nbsp;and Turmine V. (2014): \u201cChild Poverty and Deprivation in Mali&nbsp;:&nbsp;The First National Estimates\u201d,&nbsp;Innocenti Working Papers, n\u00b0 2014\/20, ONU, New York,&nbsp;<a href=\"https:\/\/doi.org\/10.18356\/a24ac2e3-en\">Link<\/a>.<\/p>\n\n\n\n<p>Turmine V. (2013): Evaluation des syst\u00e8mes statistiques de routine de la r\u00e9gion de Kolda, UNICEF Senegal, rapport, septembre 2013, 31 p.,&nbsp;<a href=\"https:\/\/www.unicef.org\/evaldatabase\/files\/Rapport_final_analyse_des_systemes_de_routine_statistiques_de_la_region_de_Kolda.pdf\">Link<\/a>.<\/p>\n\n\n\n<p>Turmine V. (2013): Atlas de la situation des enfants au S\u00e9n\u00e9gal en 2012&nbsp;; UNICEF Senegal, rapport, mai 2013, 62 p.<\/p>\n\n\n\n<p>Turmine V. (2013): Etat des lieux des Indicateurs OMD au S\u00e9n\u00e9gal en 2012&nbsp;; UNICEF Senegal, rapport, mai 2013.<\/p>\n\n\n\n<p>Binet T., Failler P., Turmine V.,&nbsp; Agossa M. (2013): \u201cLa p\u00eache migrante ouest-africaine ou l\u2019ignorance d\u2019une menace permanente pour la biodiversit\u00e9 marine\u201d&nbsp;; Bonnin M. Ed. Changements climatiques et aires prot\u00e9g\u00e9es : Les Suds en qu\u00eate d&rsquo;un mod\u00e8le durable, IRD \u00e9ditions, 2013.<\/p>\n\n\n\n<p>Binet T., Failler P., Bailleux R. &amp; Turmine V. (2013)&nbsp;: \u201cDes migrations de p\u00eacheurs de plus en plus conflictuelles en Afrique de l\u2019Ouest \u201d&nbsp;; Revue africaine des Affaires maritimes et des Transports,Articles et \u00e9tudes doctrinales, Juillet 2013 ,N\u00b05 \/51.&nbsp;<\/p>\n\n\n\n<p>Turmine V., Binet B. &amp; Failler P. (2011): \u201cL\u2019usage de la t\u00e9l\u00e9d\u00e9tection pour l\u2019\u00e9valuation \u00e9conomique des \u00e9cosyst\u00e8mes marins&nbsp;: application \u00e0 l\u2019aire marine prot\u00e9g\u00e9e de Trist\u00e3o en Guin\u00e9e\u201d&nbsp;; VertigO &#8211; la revue \u00e9lectronique en sciences de l&rsquo;environnement, Volume 11, Num\u00e9ro 3,&nbsp;D\u00e9cembre 2011, DOI&nbsp;: 10.4000\/vertigo.12234,&nbsp;<a href=\"http:\/\/vertigo.revues.org\/12234\">Link<\/a>.<\/p>\n\n\n\n<p>Toure N., Kane A., No\u00ebl JF., Turmine V., Nedeff V., Lazar G. (2011): \u201cWater-poverty relationships in the coastal town of Mbour (Senegal): Relevance of GIS for decision support\u201d&nbsp;; International Journal of Applied Earth Observation and Geoinformation (Impact Factor: 2.54). 01\/2012; 14:33-39. DOI: 10.1016\/j.jag.2011.08.001.<\/p>\n\n\n\n<p>Turmine V., Rabeil T., Songer M. &amp; Leimgruber P. (2010): \u201cMod\u00e9lisation spatiale des ongul\u00e9s du Tin Toumma, Niger\u201d, 10\u00e8me r\u00e9union annuelle du Groupe d\u2019int\u00e9r\u00eat Sah\u00e9lo-Saharien, 25-26 avril 2010, Alger, Alg\u00e9rie.<\/p>\n\n\n\n<p>Turmine V., Rabeil T., Songer M. &amp; Leimgruber P. (2010): \u201cUsing NDVI from Modis to characterize Addax suitable habitat in Termit Tin Toumma\u201d, 10\u00e8me r\u00e9union annuelle du Groupe d\u2019int\u00e9r\u00eat Sah\u00e9lo-Saharien, 25-26 avril 2010, Alger, Alg\u00e9rie (Poster).<\/p>\n\n\n\n<p>Turmine V. (2010): Atlas de la situation des enfants au S\u00e9n\u00e9gal en 2010&nbsp;; UNICEF Senegal, rapport, octobre 2010.<\/p>\n\n\n\n<p>Cisse B., Ndiaye J.L., Turmine V.,&nbsp;Coly A., Keita Y., Niang Diene A., Kane A., Tine R., Faye B. et Gaye O. (2009): \u201cUsing GIS technologies in the relationship between Malaria morbidity and environment, a study case in the suburb of Dakar, Senegal\u201d, 5th MIM Pan-African Malaria Conference, 2-6 November 2009, Nairobi, Kenya (Poster).<\/p>\n\n\n\n<p>Diallo C., Turmine V., Charles-Dominique E. et Samba A. (2008)&nbsp;: \u201cP\u00eacheries et t\u00e9l\u00e9d\u00e9tection dans la presqu\u2019\u00eele du Kaloum (Guin\u00e9e) \u201d&nbsp;; Entre Terre et mer, la Recherche Scientifique en Guin\u00e9e, Conakry&nbsp;&nbsp;2\u20136 d\u00e9cembre 2008 (Poster).<\/p>\n\n\n\n<p>Turmine V. et Samba A. (2007)&nbsp;: \u201cLe littoral de Mbour (S\u00e9n\u00e9gal)&nbsp;: Usages, conflits et perspectives de planification c\u00f4ti\u00e8re&nbsp;\u201d, &nbsp;4\u00e8me Symposium Pasarelas \u00ab&nbsp;Gestion int\u00e9gr\u00e9e des littoraux ouest africains&nbsp;\u00bb, Venise 14-17 mars 2007.<\/p>\n\n\n\n<p>Turmine V. (2006)&nbsp;: \u201cLe SIG comme outil de diagnostic et de n\u00e9gociation\u201d&nbsp;; 2\u00e8me Symposium Pasarelas \u00ab\u00a0Gestion int\u00e9gr\u00e9e des littoraux ouest africains\u00a0\u00bb, Dakar 6-10 mars 2006.<\/p>\n\n\n\n<p>Turmine V. et Bestard N. (2006)&nbsp;: \u201cL\u2019exp\u00e9rience s\u00e9n\u00e9galaise des outils de m\u00e9diation&nbsp;\u00bb, 2\u00e8me Symposium Passarelas \u00ab&nbsp;Gestion int\u00e9gr\u00e9e des littoraux ouest africains\u00a0\u00bb, Dakar 6-10 mars 2006.<\/p>\n\n\n\n<p>Turmine V., Fall Y. et Diop O. (2005)&nbsp;: Atlas des enjeux socio-\u00e9conomiques du quartier Darou Salam \u00e0 Rufisque en vue d\u2019un r\u00e9am\u00e9nagement urbain&nbsp;; Fondation Droit \u00e0 la Ville \/ Senagrosol Consult, 25 p.<\/p>\n\n\n\n<p>Turmine V. (2001)&nbsp;: Les variations spatio-temporelles des marais \u00e0 mangrove et de leur hydrodynamisme en Afrique de l&rsquo;Ouest entre le Petite C\u00f4te et la Guin\u00e9e ; M\u00e9moire de DEA, Univ. Paris 7, 89 p.<\/p>\n","protected":false},"excerpt":{"rendered":"<p>Stabach J.A., Rabeil T., Turmine V., Wacher T., Muller T., and Leimgruber P. (2017): \u201cOn the brink of extinction &#8211; Habitat selection of addax and dorcas gazelle across the Tin Toumma desert, Niger\u201d; Diversity and Distributions, Volume 23 Issue 6,&nbsp;June 2017&nbsp;Link. Rabeil T., Turmine V. (2016): Atlas de la r\u00e9serve naturelle nationale du Termit-Tin Toumma &hellip; <\/p>\n<p class=\"link-more\"><a href=\"https:\/\/www.vturmine.ch\/fr\/publications\/\" class=\"more-link\">Continuer la lecture<span class=\"screen-reader-text\"> de &laquo;&nbsp;Publications&nbsp;&raquo;<\/span><\/a><\/p>\n","protected":false},"author":1,"featured_media":0,"parent":0,"menu_order":0,"comment_status":"closed","ping_status":"closed","template":"","meta":{"footnotes":""},"class_list":["post-165","page","type-page","status-publish","hentry"],"translation":{"provider":"WPGlobus","version":"3.0.0","language":"fr","enabled_languages":["en","fr"],"languages":{"en":{"title":true,"content":true,"excerpt":false},"fr":{"title":false,"content":false,"excerpt":false}}},"_links":{"self":[{"href":"https:\/\/www.vturmine.ch\/fr\/wp-json\/wp\/v2\/pages\/165","targetHints":{"allow":["GET"]}}],"collection":[{"href":"https:\/\/www.vturmine.ch\/fr\/wp-json\/wp\/v2\/pages"}],"about":[{"href":"https:\/\/www.vturmine.ch\/fr\/wp-json\/wp\/v2\/types\/page"}],"author":[{"embeddable":true,"href":"https:\/\/www.vturmine.ch\/fr\/wp-json\/wp\/v2\/users\/1"}],"replies":[{"embeddable":true,"href":"https:\/\/www.vturmine.ch\/fr\/wp-json\/wp\/v2\/comments?post=165"}],"version-history":[{"count":1,"href":"https:\/\/www.vturmine.ch\/fr\/wp-json\/wp\/v2\/pages\/165\/revisions"}],"predecessor-version":[{"id":166,"href":"https:\/\/www.vturmine.ch\/fr\/wp-json\/wp\/v2\/pages\/165\/revisions\/166"}],"wp:attachment":[{"href":"https:\/\/www.vturmine.ch\/fr\/wp-json\/wp\/v2\/media?parent=165"}],"curies":[{"name":"wp","href":"https:\/\/api.w.org\/{rel}","templated":true}]}}