{"id":273,"date":"2022-01-16T12:37:50","date_gmt":"2022-01-16T11:37:50","guid":{"rendered":"http:\/\/www.vturmine.ch\/?page_id=273"},"modified":"2025-10-15T13:02:35","modified_gmt":"2025-10-15T11:02:35","slug":"experiences","status":"publish","type":"page","link":"https:\/\/www.vturmine.ch\/fr\/experiences\/","title":{"rendered":"Experiences"},"content":{"rendered":"\n<h4 class=\"wp-block-heading\">IFRC Gen\u00e8ve<\/h4>\n\n\n\n<p><strong>Senior Information Management Officer<\/strong>\u00a0\u2022\u00a0<em>Septembre 2020 &#8211; Aujourd&rsquo;hui<\/em><br>D\u00e9tail \u00e0 venir<\/p>\n\n\n\n<h4 class=\"wp-block-heading\">Ind\u00e9pendant<\/h4>\n\n\n\n<p><strong>Consultant Digital Transformation<\/strong>\u00a0\u2022\u00a0<em>Janvier 2015 &#8211; Septembre 2020 (5 ans et 6 mois)<\/em><br>Voir Expertise et consultances <\/p>\n\n\n\n<h4 class=\"wp-block-heading\">UNICEF Mali<\/h4>\n\n\n\n<p><strong>Information Management Specialist<\/strong>&nbsp;\u2022&nbsp;<em>Juillet 2013 &#8211; D\u00e9cembre 2014<\/em><br>En charge de la gestion de l&rsquo;information et de la technologie pour le d\u00e9veloppement \u00e0 l&rsquo;UNICEF : \u2022 D\u00e9veloppement et gestion des bases de donn\u00e9es et SIG pour toutes les sections UNICEF (Sant\u00e9, Nutrition, Protection de l&rsquo;Enfant, Education et WASH) et clusters (WASH, Nutrition, Education) \u2022 Conception et direction de la strat\u00e9gie d&rsquo;innovation \u00e0 l&rsquo;UNICEF avec un accent sur le suivi en temps r\u00e9el et la collecte de donn\u00e9es mobiles \u2022 Soutien technique et formation pour les IM des Clusters et les agents de terrain sur la collecte de donn\u00e9es et la gestion de l&rsquo;information groupe de travail sectoriels (r\u00e9silience, cash transfert).<\/p>\n\n\n\n<h4 class=\"wp-block-heading\">Institut de Recherche pour le D\u00e9veloppement<\/h4>\n\n\n\n<p><strong>Assistant de Recherche<\/strong>&nbsp;\u2022&nbsp;<em>Janvier 2005 &#8211; D\u00e9cembre 2009<\/em><br>Assistance des chercheurs et doctorant en accueil au sein laboratoire de Dakar du Centre d&rsquo;Economie, d&rsquo;Ethique et Environnement (C3ED) : Conduction des recherches exp\u00e9rimentales de terrain sur l&rsquo;utilisation d&rsquo;outils d&rsquo;aide \u00e0 la d\u00e9cision pour le d\u00e9veloppement durable de la zone c\u00f4ti\u00e8re en Afrique de l&rsquo;Ouest \u2022 Identification et \u00e9laboration d&rsquo;analyses spatiales pour renforcer les \u00e9tudes \u00e9conomiques et sociales sur la gestion des ressources marines au S\u00e9n\u00e9gal, Guin\u00e9e et Guin\u00e9e-Bissau \u2022 Fournir un appui technique en analyses spatiales et t\u00e9l\u00e9d\u00e9tection aux \u00e9tudiants r\u00e9sidents \u2022 Conception et mise en oeuvre d&rsquo;un centre communautaire d&rsquo;information et de recherche sur les ressources marines et c\u00f4ti\u00e8res avec la collaboration de la communaut\u00e9 p\u00eachers de Mbour (S\u00e9n\u00e9gal) \u2022 Conception et conduction des cours SIG pour l&rsquo;Universit\u00e9 de Dakar (S\u00e9n\u00e9gal)et les \u00e9tudiants-stagiaires de l&rsquo;Ambassade de France \u00e0 Conakry (Guin\u00e9e).<\/p>\n\n\n\n<h4 class=\"wp-block-heading\">Senagrosol Consult<\/h4>\n\n\n\n<p><strong>Responsable Technique<\/strong> \u2022&nbsp;<em>Aout 2003 &#8211; D\u00e9cembre 2005<\/em><br>Responsable technique de l&rsquo;\u00e9quipe GIS (7 membres) au sein d&rsquo;un bureau d&rsquo;\u00e9tudes en d\u00e9veloppement \u00e9conomique, sociologique et agricole : Conception et d\u00e9veloppement des travaux SIG et t\u00e9l\u00e9d\u00e9tection  pour appuyer les projets et \u00e9tudes en collaboration avec les experts sectoriels \u2022 Supervisation des assistants SIG et web developers de l&rsquo;equipe \u2022 Pr\u00e9paration et \u00e9x\u00e9cution des formations en SIG pour la client\u00e8le et les nouveaux collaborateurs.<\/p>\n\n\n\n<h4 class=\"wp-block-heading\">Universit\u00e9 Paris 7<\/h4>\n\n\n\n<p><strong>Assistant de Recherche <\/strong>\u2022&nbsp;<em>Septembre 2002 &#8211; Janvier 2003<\/em><br>En tant que Doctorant \u00e0 l&rsquo;Universit\u00e9 Paris 7, Polimages &#8211; Laboratoire de SIG &#038; T\u00e9l\u00e9d\u00e9tection : Elaboration d&rsquo;une g\u00e9odatabase pour l&rsquo;occupation des sols et de la zone c\u00f4ti\u00e8re en Afrique de l&rsquo;Ouest pour un programme de recherche sur la gestion int\u00e9gr\u00e9e des littoraux (CNRS\/IRD) \u2022 Organisation d&rsquo;une banque d&rsquo;images a\u00e9irennes et satellitaires sur la zone c\u00f4ti\u00e8re Ouest Africaine depuis 1946  \u2022 D\u00e9veloppement d&rsquo;algoritmes d&rsquo;extraction de l&rsquo;\u00e9rosion c\u00f4ti\u00e8re et de l&rsquo;\u00e9volution s\u00e9dimentaire.<\/p>\n\n\n\n<h4 class=\"wp-block-heading\">Geoscience consultant<\/h4>\n\n\n\n<p><strong>GIS Assistant<\/strong>&nbsp;\u2022&nbsp;<em>Juillet 2002 &#8211; Aout 2002<\/em><br>Employ\u00e9 temporaire au sein de l&rsquo;\u00e9quipe SIG : \u2022 Elaboration d&rsquo;une base de donn\u00e9es vectorielle de risques d&rsquo;inondations sur le littoral de sud Normandie (France)&nbsp;\u2022 Cartographie de l&rsquo;occupation des sols \u00e0 partir d&rsquo;image Ikonos pour la pr\u00e9paration \u00e0 la prospection p\u00e9troli\u00e8re dans le D\u00e9sert Lybien.&nbsp;<\/p>\n","protected":false},"excerpt":{"rendered":"<p>IFRC Gen\u00e8ve Senior Information Management Officer\u00a0\u2022\u00a0Septembre 2020 &#8211; Aujourd&rsquo;huiD\u00e9tail \u00e0 venir Ind\u00e9pendant Consultant Digital Transformation\u00a0\u2022\u00a0Janvier 2015 &#8211; Septembre 2020 (5 ans et 6 mois)Voir Expertise et consultances UNICEF Mali Information Management Specialist&nbsp;\u2022&nbsp;Juillet 2013 &#8211; D\u00e9cembre 2014En charge de la gestion de l&rsquo;information et de la technologie pour le d\u00e9veloppement \u00e0 l&rsquo;UNICEF : \u2022 D\u00e9veloppement et &hellip; <\/p>\n<p class=\"link-more\"><a href=\"https:\/\/www.vturmine.ch\/fr\/experiences\/\" class=\"more-link\">Continuer la lecture<span class=\"screen-reader-text\"> de &laquo;&nbsp;Experiences&nbsp;&raquo;<\/span><\/a><\/p>\n","protected":false},"author":1,"featured_media":0,"parent":0,"menu_order":0,"comment_status":"closed","ping_status":"closed","template":"","meta":{"footnotes":""},"class_list":["post-273","page","type-page","status-publish","hentry"],"translation":{"provider":"WPGlobus","version":"3.0.0","language":"fr","enabled_languages":["en","fr"],"languages":{"en":{"title":true,"content":true,"excerpt":false},"fr":{"title":false,"content":true,"excerpt":false}}},"_links":{"self":[{"href":"https:\/\/www.vturmine.ch\/fr\/wp-json\/wp\/v2\/pages\/273","targetHints":{"allow":["GET"]}}],"collection":[{"href":"https:\/\/www.vturmine.ch\/fr\/wp-json\/wp\/v2\/pages"}],"about":[{"href":"https:\/\/www.vturmine.ch\/fr\/wp-json\/wp\/v2\/types\/page"}],"author":[{"embeddable":true,"href":"https:\/\/www.vturmine.ch\/fr\/wp-json\/wp\/v2\/users\/1"}],"replies":[{"embeddable":true,"href":"https:\/\/www.vturmine.ch\/fr\/wp-json\/wp\/v2\/comments?post=273"}],"version-history":[{"count":8,"href":"https:\/\/www.vturmine.ch\/fr\/wp-json\/wp\/v2\/pages\/273\/revisions"}],"predecessor-version":[{"id":351,"href":"https:\/\/www.vturmine.ch\/fr\/wp-json\/wp\/v2\/pages\/273\/revisions\/351"}],"wp:attachment":[{"href":"https:\/\/www.vturmine.ch\/fr\/wp-json\/wp\/v2\/media?parent=273"}],"curies":[{"name":"wp","href":"https:\/\/api.w.org\/{rel}","templated":true}]}}