{"id":29,"date":"2019-08-15T11:57:30","date_gmt":"2019-08-15T09:57:30","guid":{"rendered":"http:\/\/vturmine.ch\/?page_id=29"},"modified":"2019-10-08T14:24:42","modified_gmt":"2019-10-08T12:24:42","slug":"education-training","status":"publish","type":"page","link":"https:\/\/www.vturmine.ch\/fr\/education-training\/","title":{"rendered":"Education  &#038; Formation"},"content":{"rendered":"\n<h3 class=\"wp-block-heading\">Education<\/h3>\n\n\n\n<p><strong>DEA G\u00e9omorphologie et Risques Naturels<\/strong><br>Universit\u00e9<em> Paris 7 Denis Diderot<\/em> <em>(FR)<\/em><br><em>1999-2001<\/em><\/p>\n\n\n\n<p><strong>Maitrise G\u00e9ographie Physique<\/strong><br><em>Universit\u00e9 Paris 7 Denis Diderot<\/em> <em> (FR)<\/em><br><em>1999-2000<\/em><\/p>\n\n\n\n<p><strong>Licence<\/strong><em>&nbsp;<\/em><strong>de G\u00e9ographie\u2013Am\u00e9nagement du Territoire<\/strong><br><em>Universit\u00e9 de Cergy-Pontoise<\/em> <em> (FR)<\/em><br><em>1997-1999<\/em><\/p>\n\n\n\n<h3 class=\"wp-block-heading\">Autres<\/h3>\n\n\n\n<p><strong>GIS &amp; Wildlife Conservation Fellowship<\/strong><br><em>Smithsonian Conservation &amp; Biology Institute (VA, USA)<\/em><br><em>2010-2012<\/em><br><br>Elaboration d&rsquo;un mod\u00e8lisation spatiale de zones de r\u00e9introduction potentiel de l&rsquo;Oryx Algazelle entre la Mauritanie et le Tchad \u2022 Compilation des donn\u00e9es et mise en place d&rsquo;un projet cartographique pour la conservation des antilopes au Niger \u2022 Utilisation des images Modis NDVI et Landsat ETM pour caract\u00e9riser l&rsquo;habitat des ongul\u00e9s du Sahara \u2022 Compilation des donn\u00e9es d&rsquo;observation pour la conceptualisation d&rsquo;un mod\u00e8le pr\u00e9dictif pour la distribution spatiale des Addax et des Gazelles dorcas dans le d\u00e9sert du Tin Toumma au Niger int\u00e9grant leurs sch\u00e9mas migratoires. <\/p>\n","protected":false},"excerpt":{"rendered":"<p>Education DEA G\u00e9omorphologie et Risques NaturelsUniversit\u00e9 Paris 7 Denis Diderot (FR)1999-2001 Maitrise G\u00e9ographie PhysiqueUniversit\u00e9 Paris 7 Denis Diderot (FR)1999-2000 Licence&nbsp;de G\u00e9ographie\u2013Am\u00e9nagement du TerritoireUniversit\u00e9 de Cergy-Pontoise (FR)1997-1999 Autres GIS &amp; Wildlife Conservation FellowshipSmithsonian Conservation &amp; Biology Institute (VA, USA)2010-2012 Elaboration d&rsquo;un mod\u00e8lisation spatiale de zones de r\u00e9introduction potentiel de l&rsquo;Oryx Algazelle entre la Mauritanie et le &hellip; <\/p>\n<p class=\"link-more\"><a href=\"https:\/\/www.vturmine.ch\/fr\/education-training\/\" class=\"more-link\">Continuer la lecture<span class=\"screen-reader-text\"> de &laquo;&nbsp;Education  &#038; Formation&nbsp;&raquo;<\/span><\/a><\/p>\n","protected":false},"author":1,"featured_media":0,"parent":0,"menu_order":0,"comment_status":"closed","ping_status":"closed","template":"","meta":{"footnotes":""},"class_list":["post-29","page","type-page","status-publish","hentry"],"translation":{"provider":"WPGlobus","version":"3.0.0","language":"fr","enabled_languages":["en","fr"],"languages":{"en":{"title":true,"content":true,"excerpt":false},"fr":{"title":true,"content":true,"excerpt":false}}},"_links":{"self":[{"href":"https:\/\/www.vturmine.ch\/fr\/wp-json\/wp\/v2\/pages\/29","targetHints":{"allow":["GET"]}}],"collection":[{"href":"https:\/\/www.vturmine.ch\/fr\/wp-json\/wp\/v2\/pages"}],"about":[{"href":"https:\/\/www.vturmine.ch\/fr\/wp-json\/wp\/v2\/types\/page"}],"author":[{"embeddable":true,"href":"https:\/\/www.vturmine.ch\/fr\/wp-json\/wp\/v2\/users\/1"}],"replies":[{"embeddable":true,"href":"https:\/\/www.vturmine.ch\/fr\/wp-json\/wp\/v2\/comments?post=29"}],"version-history":[{"count":10,"href":"https:\/\/www.vturmine.ch\/fr\/wp-json\/wp\/v2\/pages\/29\/revisions"}],"predecessor-version":[{"id":246,"href":"https:\/\/www.vturmine.ch\/fr\/wp-json\/wp\/v2\/pages\/29\/revisions\/246"}],"wp:attachment":[{"href":"https:\/\/www.vturmine.ch\/fr\/wp-json\/wp\/v2\/media?parent=29"}],"curies":[{"name":"wp","href":"https:\/\/api.w.org\/{rel}","templated":true}]}}