{"id":42,"date":"2019-08-15T12:07:33","date_gmt":"2019-08-15T10:07:33","guid":{"rendered":"http:\/\/vturmine.ch\/?page_id=42"},"modified":"2022-01-16T12:25:13","modified_gmt":"2022-01-16T11:25:13","slug":"consultancies","status":"publish","type":"page","link":"https:\/\/www.vturmine.ch\/fr\/consultancies\/","title":{"rendered":"Consultances"},"content":{"rendered":"\n<h4 class=\"wp-block-heading\">IFRC Gen\u00e8ve<\/h4>\n\n\n\n<p><strong>Data analyste<\/strong>&nbsp;\u2022&nbsp;<em>Juillet 2020 &#8211; Septembre 2020 (2 mois)<\/em><br>Compilation, consolidation et analyse des donn\u00e9es sur le  des changements climatiques sur les catastrophes naturelles et leur gestion dans le cadre de l&rsquo;\u00e9laboration du Rapport Mondiale sur les Catastrophes de la F\u00e9d\u00e9ration Internationale de la Croix-Rouge. <a href=\"https:\/\/www.ifrc.org\/sites\/default\/files\/2021-10\/2020_WorldDisasters_Full_FR.pdf\">Rapport en Fran\u00e7ais<\/a><\/p>\n\n\n\n<h4 class=\"wp-block-heading\">UNICEF Si\u00e8ge<\/h4>\n\n\n\n<p><strong>Digital Health Consultant<\/strong>&nbsp;\u2022&nbsp;<em>Aout 2016 &#8211; Mars 2019 (39 mois)<\/em><br>Rattach\u00e9 au Bureau des Innovation (si\u00e8ge) afin de fournir un appui technique pour les bureaux r\u00e9gionaux et pays pour la conception, le d\u00e9ploiement et la mise en oeuvre de projet de sant\u00e9 digitale&nbsp;: Conception d&rsquo;application mobiles pour soutenir les programmes d&rsquo;Immunisation, nutrition, sant\u00e9 maternelle, d\u00e9veloppement du jeune enfant et VIH en <a href=\"https:\/\/community.rapidpro.io\/stories\/unicef-zambia-mvaccination-pilot-mazabuka-and-sinazongwe\/\" data-type=\"URL\" data-id=\"https:\/\/community.rapidpro.io\/stories\/unicef-zambia-mvaccination-pilot-mazabuka-and-sinazongwe\/\">Zambie<\/a>, <a href=\"https:\/\/rapidproimmunisation.wordpress.com\">Indon\u00e9sie<\/a>, <a href=\"https:\/\/community.rapidpro.io\/stories\/minfosante\/\" data-type=\"URL\" data-id=\"https:\/\/community.rapidpro.io\/stories\/minfosante\/\">S\u00e9n\u00e9gal<\/a>, <a href=\"https:\/\/www.unicef.org\/innovation\/stories\/digital-monitoring-solutions-work-early-detection-and-support-palestinian-children\" data-type=\"URL\" data-id=\"https:\/\/www.unicef.org\/innovation\/stories\/digital-monitoring-solutions-work-early-detection-and-support-palestinian-children\">Palestine<\/a> et R\u00e9p. Centrafricaine notamment  \u2022 Appui au design et la mise en oeuvre de syst\u00e8mes de collecte et de suivi des donn\u00e9es pour l&rsquo;enregistrement des naissances et des actes de violences au niveau communautaires  en Afrique de l&rsquo;Ouest (Mali, B\u00e9nin, S\u00e9n\u00e9gal) \u2022 D\u00e9veloppement de la documentation technique pour le d\u00e9ploiement de la sant\u00e9 digitale \u00e0 UNICEF ( Documentation sur l&rsquo;application RapidPro dans la sant\u00e9, Cas d&rsquo;\u00e9tudes de RapidPro pour la Sant\u00e9, Toolkit Sant\u00e9 Digitale, Guide d&rsquo;interop\u00e9rabilit\u00e9 RapidPro \/ DHIS2, &#8230;)  \u2022 Formation des \u00e9quipes UNICEF sant\u00e9 et des Minist\u00e8res de la Sant\u00e9 dans le design d&rsquo;applications digitales avec utilisateurs, sur RapidPro et son usage dans la sant\u00e9 et sur DHIS2 au niveau communautaire.<\/p>\n\n\n\n<h4 class=\"wp-block-heading\">UNICEF Senegal<\/h4>\n\n\n\n<p><strong>Innovation Consultant<\/strong>&nbsp;\u2022&nbsp;<em>F\u00e9vrier 2015 &#8211; Aout 2016 (18 mois)<\/em><br>Elaboration et mise en place de la strat\u00e9gie Innovation aupr\u00e8s d&rsquo;UNICEF Senegal avec le gouvernement et les partenaires sur secteur priv\u00e9 (Op\u00e9rateurs mobiles, Startups, Tech Hubs, Innovateurs sociaux) pour accompagner les programmes UNICEF \u2022 Elaboration et mise en oeuvre de &nbsp;<a rel=\"noreferrer noopener\" href=\"http:\/\/senegal.ureport.in\/\" target=\"_blank\">U-Report Senegal<\/a> (application pour la participation des jeunes), et&nbsp;<a rel=\"noreferrer noopener\" href=\"http:\/\/www.cousenegal.sn\/\" target=\"_blank\">mInfoSante<\/a> (plateforme SMS de coordination pour les urgences sanitaires) \u2022 Pilotage du syst\u00e8me de suivi des donn\u00e9es sur l&rsquo;Etat Civil dans le cadre du programme de la Protection de l&rsquo;Enfance \u2022 Assistance technique pour la mise en place d&rsquo;outils de collecte de donn\u00e9es via mobile et formation des partenaires\/utisateurs (SMART Survey 2016, UNICEF field monitoring) \u2022 Assistance technique pour le Minist\u00e8re de la Sant\u00e9 dans l&rsquo;\u00e9laboration de la strat\u00e9gie nationale e-sant\u00e9.<\/p>\n\n\n\n<h4 class=\"wp-block-heading\">Sahara Conservation Fund<\/h4>\n\n\n\n<p><strong>IM\/GIS Consultant<\/strong>&nbsp;\u2022&nbsp;<em>Juin 2012 &#8211; Mars 2013 (9 mois)<\/em><br>Base de donn\u00e9es compil\u00e9e et analys\u00e9e sur la faune saharienne \u2022 Conception de l&rsquo;atlas de la r\u00e9serve faunique de Termit et Tin-Toumma \u2022 Gestion du site Web du SCF &#8211;&nbsp;<a rel=\"noreferrer noopener\" href=\"https:\/\/www.saharaconservation.org\/\" target=\"_blank\">www.saharaconservation.org<\/a> \u2022 Utilisation des technologies Web et SIG pour soutenir la gestion de l&rsquo;information du Sahara Conservation Fund.<\/p>\n\n\n\n<h4 class=\"wp-block-heading\">UNICEF Senegal<\/h4>\n\n\n\n<p><strong>M&#038;E Consultant<\/strong>&nbsp;\u2022&nbsp;<em>F\u00e9vrier 2012 &#8211; Aout 2012 (4 mois)<\/em><br>Compilation et analyse d&rsquo;indicateurs sur la situation des enfants au S\u00e9n\u00e9gal de 2005 \u00e0 2012 \u2022 R\u00e9alisation d&rsquo;une analyse spatiale de la situation des enfants au S\u00e9n\u00e9gal en 2012 et des r\u00e9alisations des objectifs du Mill\u00e9naire pour le d\u00e9veloppement \u2022 Pilotage de l&rsquo;\u00e9valuation de la qualit\u00e9 des donn\u00e9es du syst\u00e8me statistique national \u2022 Supervision des enqu\u00eates de terrain et des outils de suivi du programme conception (MoRES) dans la r\u00e9gion de Kolda.<\/p>\n\n\n\n<h4 class=\"wp-block-heading\">IDEV-ic<\/h4>\n\n\n\n<p><strong>Remote Sensing Expert<\/strong>&nbsp;\u2022&nbsp;<em>Aout 2011 &#8211; F\u00e9vrier 2012<\/em>&nbsp;(6 mois)<br>Elaboration de l&rsquo;analyse de la d\u00e9gradation des sols dans la r\u00e9gion de Fatick et Kaolack (S\u00e9n\u00e9gal) \u00e0 partir de la t\u00e9l\u00e9d\u00e9tection \u2022&nbsp;Acquisition d&rsquo;images satellitaire et des donn\u00e9es pour le projet&nbsp;\u2022 Collecte de donn\u00e9es de terrain sur l&rsquo;occupation du sol et la g\u00e9omorphologie \u2022 Conception d&rsquo;algorithmes de d\u00e9gradation des sols et de traitement d&rsquo;images satellites \u2022 R\u00e9alisation de cartes de d\u00e9gradation des sols.<\/p>\n\n\n\n<h4 class=\"wp-block-heading\">UNICEF Senegal<\/h4>\n\n\n\n<p><strong>GIS Consultant<\/strong>&nbsp;\u2022&nbsp;<em>F\u00e9vrier 2011 &#8211; Mars 2011 (2 mois)<\/em><br>Compilation et analyse de donn\u00e9es sur les programmes de sant\u00e9, de nutrition, WASH et de protection de l&rsquo;enfance&nbsp;pour le suivi des activit\u00e9s de l&rsquo;UNICEF au S\u00e9n\u00e9gal de 2009 \u00e0 2010 et cr\u00e9ation de cartes sociales et sanitaires pour soutenir la conception de nouveaux programmes de pays.<\/p>\n\n\n\n<h4 class=\"wp-block-heading\">Sahara Conservation Fund<\/h4>\n\n\n\n<p><strong><g class=\"gr_ gr_4 gr-alert gr_spell gr_inline_cards gr_disable_anim_appear ContextualSpelling ins-del multiReplace\" id=\"4\" data-gr-id=\"4\">Webdeveloper<\/g>\/GIS Consultant<\/strong>&nbsp;\u2022&nbsp;&nbsp;<em>Janvier 2010 &#8211; D\u00e9cembre 2010 (12 mois)<\/em><br>Conception d&rsquo;une carte de la zone de r\u00e9introduction potentielle pour l&rsquo;oryx algazelle de la Mauritanie au Tchad&nbsp;&nbsp;\u2022&nbsp;Participation au programme de bourse&nbsp;avec le Smithsonian Conservation &#038; Biology Institute sur les SIG et la conservation de la faune outils de marketing \u2022 Communication soutenue pour les projets de conservation sahariens en cours.<\/p>\n\n\n\n<h4 class=\"wp-block-heading\">University of Portsmouth<\/h4>\n\n\n\n<p><strong>GIS Consultant<\/strong>&nbsp;\u2022&nbsp;<em>Juin 2009 &#8211; November 2009 (6 mois)<\/em><br>Conception et mise en \u0153uvre d&rsquo;un projet de cartographie sur les utilisations des ressources marines et les co\u00fbts environnementaux pour le projet Ecost pour 6&nbsp;zones d&rsquo;\u00e9tude \u00e0 travers l&rsquo;Afrique de l&rsquo;Ouest, les \u00eeles des Cara\u00efbes et l&rsquo;Asie du Sud-Est (UE\/UoP) UoP).<\/p>\n\n\n\n<h4 class=\"wp-block-heading\">Projet&nbsp;Antilopes&nbsp;Sahelo-Sahariennes<\/h4>\n\n\n\n<p><strong>IM\/GIS Consultant<\/strong>&nbsp;\u2022&nbsp;<em>F\u00e9vrier 2009 &#8211; November 2009 (8 mois)<\/em><br>Cr\u00e9ation d&rsquo;un mod\u00e8le de donn\u00e9es, d&rsquo;outils de collecte de donn\u00e9es mobiles et d&rsquo;un projet de cartographie de la conservation des antilopes au Niger pour le projet (design du site web, newsletter, affiches).<\/p>\n","protected":false},"excerpt":{"rendered":"<p>IFRC Gen\u00e8ve Data analyste&nbsp;\u2022&nbsp;Juillet 2020 &#8211; Septembre 2020 (2 mois)Compilation, consolidation et analyse des donn\u00e9es sur le des changements climatiques sur les catastrophes naturelles et leur gestion dans le cadre de l&rsquo;\u00e9laboration du Rapport Mondiale sur les Catastrophes de la F\u00e9d\u00e9ration Internationale de la Croix-Rouge. Rapport en Fran\u00e7ais UNICEF Si\u00e8ge Digital Health Consultant&nbsp;\u2022&nbsp;Aout 2016 &#8211; &hellip; <\/p>\n<p class=\"link-more\"><a href=\"https:\/\/www.vturmine.ch\/fr\/consultancies\/\" class=\"more-link\">Continuer la lecture<span class=\"screen-reader-text\"> de &laquo;&nbsp;Consultances&nbsp;&raquo;<\/span><\/a><\/p>\n","protected":false},"author":1,"featured_media":0,"parent":0,"menu_order":0,"comment_status":"closed","ping_status":"closed","template":"","meta":{"footnotes":""},"class_list":["post-42","page","type-page","status-publish","hentry"],"translation":{"provider":"WPGlobus","version":"3.0.0","language":"fr","enabled_languages":["en","fr"],"languages":{"en":{"title":true,"content":true,"excerpt":false},"fr":{"title":true,"content":true,"excerpt":false}}},"_links":{"self":[{"href":"https:\/\/www.vturmine.ch\/fr\/wp-json\/wp\/v2\/pages\/42","targetHints":{"allow":["GET"]}}],"collection":[{"href":"https:\/\/www.vturmine.ch\/fr\/wp-json\/wp\/v2\/pages"}],"about":[{"href":"https:\/\/www.vturmine.ch\/fr\/wp-json\/wp\/v2\/types\/page"}],"author":[{"embeddable":true,"href":"https:\/\/www.vturmine.ch\/fr\/wp-json\/wp\/v2\/users\/1"}],"replies":[{"embeddable":true,"href":"https:\/\/www.vturmine.ch\/fr\/wp-json\/wp\/v2\/comments?post=42"}],"version-history":[{"count":39,"href":"https:\/\/www.vturmine.ch\/fr\/wp-json\/wp\/v2\/pages\/42\/revisions"}],"predecessor-version":[{"id":280,"href":"https:\/\/www.vturmine.ch\/fr\/wp-json\/wp\/v2\/pages\/42\/revisions\/280"}],"wp:attachment":[{"href":"https:\/\/www.vturmine.ch\/fr\/wp-json\/wp\/v2\/media?parent=42"}],"curies":[{"name":"wp","href":"https:\/\/api.w.org\/{rel}","templated":true}]}}