{"id":79,"date":"2019-08-18T15:23:36","date_gmt":"2019-08-18T13:23:36","guid":{"rendered":"http:\/\/www.vturmine.ch\/?page_id=79"},"modified":"2025-10-15T12:41:14","modified_gmt":"2025-10-15T10:41:14","slug":"about-me","status":"publish","type":"page","link":"https:\/\/www.vturmine.ch\/fr\/","title":{"rendered":"A propos"},"content":{"rendered":"\n<p>Consultant ind\u00e9pendant en Gestion de l&rsquo;Information et Technologies pour le D\u00e9veloppement (T4D), je travaille principalement pour des organismes internationaux oeuvrant dans le domaine de la coop\u00e9ration et l&rsquo;humanitaire \u00e0 travers le Monde.<\/p>\n\n\n\n<p>Avec une formation de g\u00e9ographe (DEA en G\u00e9omorphologie et Risques Naturels) et une large exp\u00e9rience international, speciallement en Afrique, j&rsquo;ai travaill\u00e9 ces 10 derni\u00e8res ann\u00e9es comme consultant en conception \/ conseil en mati\u00e8re de syst\u00e8me d&rsquo;information, de suivi-\u00e9valuation et analyse de donn\u00e9es pour les gouvernements, ONG, et Agences des Nations Unies (Burkina Faso, Guin\u00e9e, Indon\u00e9sie, Mali, Niger, S\u00e9n\u00e9gal, Palestine, Zambie, &#8230;). J&rsquo;ai pr\u00e9c\u00e9demment occup\u00e9 des responsabilit\u00e9s au sein de bureaux d&rsquo;\u00e9tudes et d&rsquo;instituts de recherche en mati\u00e8re de SIG et t\u00e9l\u00e9d\u00e9tection au S\u00e9n\u00e9gal et en France (2002-2010).<\/p>\n\n\n\n<div class=\"wp-block-buttons is-content-justification-center is-layout-flex wp-container-core-buttons-is-layout-16018d1d wp-block-buttons-is-layout-flex\">\n<div class=\"wp-block-button\"><a class=\"wp-block-button__link wp-element-button\" href=\"https:\/\/www.vturmine.ch\/wp-content\/uploads\/2025\/10\/CV-Vincent-Turmine-2-pages-Fr.pdf\">T\u00e9l\u00e9chargez mon CV<\/a><\/div>\n<\/div>\n\n\n\n<figure class=\"wp-block-image\"><img loading=\"lazy\" decoding=\"async\" width=\"1024\" height=\"683\" src=\"http:\/\/www.vturmine.ch\/wp-content\/uploads\/2019\/08\/IMG_5656-1024x683.jpg\" alt=\"\" class=\"wp-image-37\" srcset=\"https:\/\/www.vturmine.ch\/wp-content\/uploads\/2019\/08\/IMG_5656-1024x683.jpg 1024w, https:\/\/www.vturmine.ch\/wp-content\/uploads\/2019\/08\/IMG_5656-300x200.jpg 300w, https:\/\/www.vturmine.ch\/wp-content\/uploads\/2019\/08\/IMG_5656-768x512.jpg 768w\" sizes=\"auto, (max-width: 767px) 89vw, (max-width: 1000px) 54vw, (max-width: 1071px) 543px, 580px\" \/><\/figure>\n","protected":false},"excerpt":{"rendered":"<p>Consultant ind\u00e9pendant en Gestion de l&rsquo;Information et Technologies pour le D\u00e9veloppement (T4D), je travaille principalement pour des organismes internationaux oeuvrant dans le domaine de la coop\u00e9ration et l&rsquo;humanitaire \u00e0 travers le Monde. Avec une formation de g\u00e9ographe (DEA en G\u00e9omorphologie et Risques Naturels) et une large exp\u00e9rience international, speciallement en Afrique, j&rsquo;ai travaill\u00e9 ces 10 &hellip; <\/p>\n<p class=\"link-more\"><a href=\"https:\/\/www.vturmine.ch\/fr\/\" class=\"more-link\">Continuer la lecture<span class=\"screen-reader-text\"> de &laquo;&nbsp;A propos&nbsp;&raquo;<\/span><\/a><\/p>\n","protected":false},"author":1,"featured_media":0,"parent":0,"menu_order":0,"comment_status":"closed","ping_status":"closed","template":"","meta":{"footnotes":""},"class_list":["post-79","page","type-page","status-publish","hentry"],"translation":{"provider":"WPGlobus","version":"3.0.0","language":"fr","enabled_languages":["en","fr"],"languages":{"en":{"title":true,"content":true,"excerpt":false},"fr":{"title":true,"content":true,"excerpt":false}}},"_links":{"self":[{"href":"https:\/\/www.vturmine.ch\/fr\/wp-json\/wp\/v2\/pages\/79","targetHints":{"allow":["GET"]}}],"collection":[{"href":"https:\/\/www.vturmine.ch\/fr\/wp-json\/wp\/v2\/pages"}],"about":[{"href":"https:\/\/www.vturmine.ch\/fr\/wp-json\/wp\/v2\/types\/page"}],"author":[{"embeddable":true,"href":"https:\/\/www.vturmine.ch\/fr\/wp-json\/wp\/v2\/users\/1"}],"replies":[{"embeddable":true,"href":"https:\/\/www.vturmine.ch\/fr\/wp-json\/wp\/v2\/comments?post=79"}],"version-history":[{"count":34,"href":"https:\/\/www.vturmine.ch\/fr\/wp-json\/wp\/v2\/pages\/79\/revisions"}],"predecessor-version":[{"id":349,"href":"https:\/\/www.vturmine.ch\/fr\/wp-json\/wp\/v2\/pages\/79\/revisions\/349"}],"wp:attachment":[{"href":"https:\/\/www.vturmine.ch\/fr\/wp-json\/wp\/v2\/media?parent=79"}],"curies":[{"name":"wp","href":"https:\/\/api.w.org\/{rel}","templated":true}]}}