{"id":9,"date":"2019-08-15T11:30:31","date_gmt":"2019-08-15T09:30:31","guid":{"rendered":"http:\/\/vturmine.ch\/?page_id=9"},"modified":"2025-10-15T12:34:50","modified_gmt":"2025-10-15T10:34:50","slug":"services-expertise","status":"publish","type":"page","link":"https:\/\/www.vturmine.ch\/fr\/services-expertise\/","title":{"rendered":"Services &#038; Expertise"},"content":{"rendered":"\n<p>Mon activit\u00e9 consiste \u00e0 appuyer les op\u00e9rations humanitaires et les organismes d&rsquo;aide d\u00e9veloppement avec notamment le renforcement des services sociaux (sant\u00e9, \u00e9ducation, protection, &#8230;), la gestion des risques naturels et les ressources naturelles et environnementales \u00e0 travers l&rsquo;int\u00e9gration de nouvelles technologies pour am\u00e9liorer leur gestion de l&rsquo;information et leur communication. <\/p>\n\n\n\n<p>Mes services comprennent l&rsquo;<strong>\u00e9laboration de projet<\/strong> et notamment les documents de projet tels que les notes conceptuelles, guides, manuel utilisateurs pour les syst\u00e8mes d&rsquo;information et interfaces digitales  soutenant la gestion de l&rsquo;information via des services web, applications mobiles ou d&rsquo;outils informatiques basiques (Excel). Dans cette perspective, j&rsquo;aide mes clients \u00e0 <strong>d\u00e9velopper<\/strong> et  <strong>mener<\/strong> leur projets depuis la conception jusqu&rsquo;\u00e0 la mise en oeuvre en appuyant sur le <strong>renforcement de capacit\u00e9<\/strong> des utilisateurs.<\/p>\n\n\n\n<p>De plus, je fournis une<strong> assistance technique<\/strong> adapt\u00e9e dans une expertise sp\u00e9cifique telle que la collecte et l&rsquo;analyse de donn\u00e9es, les SIG, la t\u00e9l\u00e9d\u00e9tection ou encore la conception de mod\u00e8les pr\u00e9dictifs.<\/p>\n\n\n\n<h4 class=\"wp-block-heading\">Gestion des donn\u00e9es<\/h4>\n\n\n\n<p>La gestion des donn\u00e9es est une activit\u00e9 d\u00e9terminante au sein de la r\u00e9ponse humanitaire et le suivi des programmes de d\u00e9veloppement. En passant de la mise en place d&rsquo;outils de collecte (ex. Mobile) \u00e0 l&rsquo;\u00e9laboration d&rsquo;algorithme d&rsquo;analyse, mon expertise aide notamment \u00e0 identifier les outils et methodes pertinentes par rapport \u00e0 vos besoins et en fournissant une assistance technique depuis la conception jusqu&rsquo;au d\u00e9ploiement afin d&rsquo;obtenir une solution robuste et durable pour acc\u00e9der aux donn\u00e9es de vos agents et\/ou du niveau communautaire. <\/p>\n\n\n\n<h4 class=\"wp-block-heading\">SIG &amp; Analyse Spatiale<\/h4>\n\n\n\n<p>Mon offre de services SIG (Syst\u00e8mes d&rsquo;Information G\u00e9ographique) comprennent la collecte et vectorisation de donn\u00e9es spatiales, la conversion et agencement de donn\u00e9es territoriales, la cr\u00e9ation et adminstration de base de donn\u00e9es ainsi que l&rsquo;analye et mod\u00e9lisation spatiale. Combinant les outils SIG avec l&rsquo;imagerie satellitaire et une expertise statistiques, je propose des produits cartographiques r\u00e9pondant aux besoins des clients tout en veillant \u00e0 \u00eatre compr\u00e9hensible pour tous et offrant une analyse innovante.<\/p>\n\n\n\n<h4 class=\"wp-block-heading\">Webservices<\/h4>\n\n\n\n<p>A partir d&rsquo;une expertise technique, de l&rsquo;analyse de l&rsquo;experience &lsquo;utilisateurs&rsquo; et la compr\u00e9hension des besoins, j&rsquo;\u00e9labore des projets web depuis la conception jusqu&rsquo;au d\u00e9veloppement dans un but de communication institutionnelle ou bien plus sp\u00e9cifiquement pour diffuser vos donn\u00e9es ou mettre en place des outils d&rsquo;aide \u00e0 la d\u00e9cision \u00e0 partir de visualisation de donn\u00e9es telle que des dashboards avec des graphiques et des cartes interactives.<\/p>\n\n\n\n<h4 class=\"wp-block-heading\">Applications Mobiles<\/h4>\n\n\n\n<p>Les technologies mobiles transforment la gestion de l&rsquo;information \u00e0 travers diverses applications et aident les organisations \u00e0 amplifier la communication avec les utilisateurs et \u00e0 fournir des informations en temps r\u00e9el \u00e0 leurs collaborateurs. Mon exp\u00e9rience dans la conception d&rsquo;applications pour et avec les utilisateurs offre une opportunit\u00e9 d&rsquo;acc\u00e9l\u00e9rer votre transformation num\u00e9rique et de tirer parti de votre engagement communautaire au sein de votre organisation ou de votre communaut\u00e9 de clients.<\/p>\n\n\n\n<h4 class=\"wp-block-heading\">Suivi &amp; Evaluation<\/h4>\n\n\n\n<p>Mon exp\u00e9rience dans le cadre de r\u00e9ponses humanitaires ou de programme de coop\u00e9ration m&rsquo;ont permis de d\u00e9velopper une expertise en \u00e9laboration de m\u00e9thodes et d&rsquo;outils de suivi et \u00e9valuation applicables dans les environnements \u00e0 faible capacit\u00e9 techniques et financi\u00e8re telles que les urgences humanitaires ou programmes communautaires. Ainsi, mon expertise permet d&rsquo;appuyer le d\u00e9veloppement de cadre d&rsquo;analyse et d&rsquo;intervention se basant sur une compr\u00e9hension des r\u00f4les et responsabilit\u00e9s des acteurs, une exploitation rationnelle des donn\u00e9es en vue de permettre le suivi, l&rsquo;\u00e9valuation et l&rsquo;adaptation des interventions sur le terrain. <\/p>\n","protected":false},"excerpt":{"rendered":"<p>Mon activit\u00e9 consiste \u00e0 appuyer les op\u00e9rations humanitaires et les organismes d&rsquo;aide d\u00e9veloppement avec notamment le renforcement des services sociaux (sant\u00e9, \u00e9ducation, protection, &#8230;), la gestion des risques naturels et les ressources naturelles et environnementales \u00e0 travers l&rsquo;int\u00e9gration de nouvelles technologies pour am\u00e9liorer leur gestion de l&rsquo;information et leur communication. Mes services comprennent l&rsquo;\u00e9laboration de &hellip; <\/p>\n<p class=\"link-more\"><a href=\"https:\/\/www.vturmine.ch\/fr\/services-expertise\/\" class=\"more-link\">Continuer la lecture<span class=\"screen-reader-text\"> de &laquo;&nbsp;Services &#038; Expertise&nbsp;&raquo;<\/span><\/a><\/p>\n","protected":false},"author":1,"featured_media":0,"parent":0,"menu_order":0,"comment_status":"closed","ping_status":"closed","template":"","meta":{"footnotes":""},"class_list":["post-9","page","type-page","status-publish","hentry"],"translation":{"provider":"WPGlobus","version":"3.0.0","language":"fr","enabled_languages":["en","fr"],"languages":{"en":{"title":true,"content":true,"excerpt":false},"fr":{"title":true,"content":true,"excerpt":false}}},"_links":{"self":[{"href":"https:\/\/www.vturmine.ch\/fr\/wp-json\/wp\/v2\/pages\/9","targetHints":{"allow":["GET"]}}],"collection":[{"href":"https:\/\/www.vturmine.ch\/fr\/wp-json\/wp\/v2\/pages"}],"about":[{"href":"https:\/\/www.vturmine.ch\/fr\/wp-json\/wp\/v2\/types\/page"}],"author":[{"embeddable":true,"href":"https:\/\/www.vturmine.ch\/fr\/wp-json\/wp\/v2\/users\/1"}],"replies":[{"embeddable":true,"href":"https:\/\/www.vturmine.ch\/fr\/wp-json\/wp\/v2\/comments?post=9"}],"version-history":[{"count":45,"href":"https:\/\/www.vturmine.ch\/fr\/wp-json\/wp\/v2\/pages\/9\/revisions"}],"predecessor-version":[{"id":343,"href":"https:\/\/www.vturmine.ch\/fr\/wp-json\/wp\/v2\/pages\/9\/revisions\/343"}],"wp:attachment":[{"href":"https:\/\/www.vturmine.ch\/fr\/wp-json\/wp\/v2\/media?parent=9"}],"curies":[{"name":"wp","href":"https:\/\/api.w.org\/{rel}","templated":true}]}}